{"id":57,"date":"2019-05-25T12:53:55","date_gmt":"2019-05-25T10:53:55","guid":{"rendered":"http:\/\/www.artdent.si\/de\/?page_id=57"},"modified":"2019-05-25T12:58:59","modified_gmt":"2019-05-25T10:58:59","slug":"dienstleistungen","status":"publish","type":"page","link":"https:\/\/artdent.si\/de\/dienstleistungen\/","title":{"rendered":"Dienstleistungen"},"content":{"rendered":"\n<h4 class=\"wp-block-heading\">Zahnmedizinische\nBehandlung von Kindern und Jugendlichen<\/h4>\n\n\n\n<div class=\"wp-block-image\"><figure class=\"alignleft\"><img loading=\"lazy\" decoding=\"async\" width=\"214\" height=\"300\" src=\"https:\/\/artdent.si\/de\/wp-content\/uploads\/sites\/3\/2019\/05\/otrok-214x300.png\" alt=\"\" class=\"wp-image-61\"\/><\/figure><\/div>\n\n\n\n<p>Die H\u00e4lfte der Patienten, die in der Zahnarztpraxis Jensterle in der Regel ab dem 3. Lebensjahr zahn\u00e4rztlich betreut werden, sind Kinder. Die erste Behandlung in unserer Praxis ist oft eine Fissurenversiegelung der Milchz\u00e4hne, die \u00fcblicherweise bei 3,5 Jahren erstmalig durchgef\u00fchrt wird. Danach folgen Kontrolluntersuchungen alle 6 Monate. Die Eltern beraten wir \u00fcber die Bedeutung einer ad\u00e4quaten Zahnpflege und Putztechnik bei ihren Kindern bis zum 10. Lebensjahr. Gro\u00dfe Beachtung schenken wir einer m\u00f6glichen Fehlstellung der Z\u00e4hne und \u00fcberweisen die Kinder bei Bedarf zum Fachzahnarzt f\u00fcr Kieferorthop\u00e4die. Nach dem 18. Lebensjahr kann die Betreuung in unserer Zahnarztpraxis fortgesetzt werden, und zwar im Rahmen der zahnmedizinischen Behandlung f\u00fcr Erwachsene. <\/p>\n\n\n\n<h4 class=\"wp-block-heading\">Zahnmedizinische\nBehandlung von Erwachsenen <\/h4>\n\n\n\n<p>Die zweite H\u00e4lfte unserer Kassenpatienten sind Erwachsene.<\/p>\n\n\n\n<p><\/p>\n","protected":false},"excerpt":{"rendered":"<p>Zahnmedizinische Behandlung von Kindern und Jugendlichen Die H\u00e4lfte der Patienten, die in der Zahnarztpraxis Jensterle in der Regel ab dem 3. Lebensjahr zahn\u00e4rztlich betreut werden, sind Kinder. Die erste Behandlung in unserer Praxis ist oft eine Fissurenversiegelung der Milchz\u00e4hne, die \u00fcblicherweise bei 3,5 Jahren erstmalig durchgef\u00fchrt wird. Danach folgen Kontrolluntersuchungen alle 6 Monate. Die Eltern [&hellip;]<\/p>\n","protected":false},"author":1,"featured_media":0,"parent":0,"menu_order":0,"comment_status":"closed","ping_status":"closed","template":"","meta":{"footnotes":""},"class_list":["post-57","page","type-page","status-publish","hentry"],"_links":{"self":[{"href":"https:\/\/artdent.si\/de\/wp-json\/wp\/v2\/pages\/57","targetHints":{"allow":["GET"]}}],"collection":[{"href":"https:\/\/artdent.si\/de\/wp-json\/wp\/v2\/pages"}],"about":[{"href":"https:\/\/artdent.si\/de\/wp-json\/wp\/v2\/types\/page"}],"author":[{"embeddable":true,"href":"https:\/\/artdent.si\/de\/wp-json\/wp\/v2\/users\/1"}],"replies":[{"embeddable":true,"href":"https:\/\/artdent.si\/de\/wp-json\/wp\/v2\/comments?post=57"}],"version-history":[{"count":3,"href":"https:\/\/artdent.si\/de\/wp-json\/wp\/v2\/pages\/57\/revisions"}],"predecessor-version":[{"id":62,"href":"https:\/\/artdent.si\/de\/wp-json\/wp\/v2\/pages\/57\/revisions\/62"}],"wp:attachment":[{"href":"https:\/\/artdent.si\/de\/wp-json\/wp\/v2\/media?parent=57"}],"curies":[{"name":"wp","href":"https:\/\/api.w.org\/{rel}","templated":true}]}}